{"id":2,"date":"2025-11-11T12:03:04","date_gmt":"2025-11-11T11:03:04","guid":{"rendered":"http:\/\/milenaskowera.pl\/?page_id=2"},"modified":"2026-01-18T11:40:22","modified_gmt":"2026-01-18T10:40:22","slug":"przykladowa-strona","status":"publish","type":"page","link":"https:\/\/milenaskowera.pl\/","title":{"rendered":""},"content":{"rendered":"\t\t<div data-elementor-type=\"wp-page\" data-elementor-id=\"2\" class=\"elementor elementor-2\" data-elementor-post-type=\"page\">\n\t\t\t\t<div class=\"elementor-element elementor-element-69090b9 elementor-hidden-desktop elementor-hidden-tablet elementor-hidden-mobile e-flex e-con-boxed e-con e-parent\" data-id=\"69090b9\" data-element_type=\"container\" data-settings=\"{&quot;background_background&quot;:&quot;classic&quot;}\">\n\t\t\t\t\t<div class=\"e-con-inner\">\n\t\t<div class=\"elementor-element elementor-element-4f40d06 e-con-full e-flex e-con e-child\" data-id=\"4f40d06\" data-element_type=\"container\">\n\t\t\t\t<div class=\"elementor-element elementor-element-56010d6 elementor-widget elementor-widget-image\" data-id=\"56010d6\" data-element_type=\"widget\" data-widget_type=\"image.default\">\n\t\t\t\t\t\t\t\t\t\t\t\t\t\t\t<img fetchpriority=\"high\" decoding=\"async\" width=\"800\" height=\"503\" src=\"https:\/\/milenaskowera.pl\/wp-content\/uploads\/2025\/11\/zdjecie-glowna-2-1024x644.jpg\" class=\"attachment-large size-large wp-image-103\" alt=\"\" srcset=\"https:\/\/milenaskowera.pl\/wp-content\/uploads\/2025\/11\/zdjecie-glowna-2-1024x644.jpg 1024w, https:\/\/milenaskowera.pl\/wp-content\/uploads\/2025\/11\/zdjecie-glowna-2-300x189.jpg 300w, https:\/\/milenaskowera.pl\/wp-content\/uploads\/2025\/11\/zdjecie-glowna-2-768x483.jpg 768w, https:\/\/milenaskowera.pl\/wp-content\/uploads\/2025\/11\/zdjecie-glowna-2.jpg 1441w\" sizes=\"(max-width: 800px) 100vw, 800px\" \/>\t\t\t\t\t\t\t\t\t\t\t\t\t\t\t<\/div>\n\t\t\t\t<\/div>\n\t\t<div class=\"elementor-element elementor-element-2b06424 e-con-full e-flex e-con e-child\" data-id=\"2b06424\" data-element_type=\"container\">\n\t\t\t\t<div class=\"elementor-element elementor-element-2855be2 elementor-widget elementor-widget-heading\" data-id=\"2855be2\" data-element_type=\"widget\" data-widget_type=\"heading.default\">\n\t\t\t\t\t<h2 class=\"elementor-heading-title elementor-size-default\">Cze\u015b\u0107!<\/h2>\t\t\t\t<\/div>\n\t\t\t\t<div class=\"elementor-element elementor-element-b02e41c elementor-widget elementor-widget-heading\" data-id=\"b02e41c\" data-element_type=\"widget\" data-widget_type=\"heading.default\">\n\t\t\t\t\t<h2 class=\"elementor-heading-title elementor-size-default\">Jestem Milena Skowera.<\/h2>\t\t\t\t<\/div>\n\t\t\t\t<div class=\"elementor-element elementor-element-b08b71d elementor-widget elementor-widget-text-editor\" data-id=\"b08b71d\" data-element_type=\"widget\" data-widget_type=\"text-editor.default\">\n\t\t\t\t\t\t\t\t\t<p>To wi\u0119cej ni\u017c praca &#8211; to pasja, kt\u00f3ra p\u0142onie we mnie od ponad 12 lat. Traktuj\u0119 makija\u017c jak czyst\u0105 energi\u0119 i form\u0119 sztuki. Wierz\u0119, \u017ce jego prawdziw\u0105 moc\u0105 jest artystyczne wydobycie i podkre\u015blenie Twojej niepowtarzalnej urody.<\/p><p>Moje do\u015bwiadczenie to nie tylko setki zadowolonych klientek. To dynamiczna praca na planach filmowych i podczas sesji zdj\u0119ciowych, gdzie liczy si\u0119 perfekcja i absolutny profesjonalizm.<\/p><p>Dlaczego to w\u0142a\u015bnie ja realizuj\u0119 twoj\u0105 wizj\u0119?<\/p><p>Stawiasz na 12 lat do\u015bwiadczenia zdobytego na dynamicznych planach filmowych i profesjonalnych sesjach foto. To Twoja gwarancja perfekcji i makija\u017cu, kt\u00f3ry przyci\u0105ga wszystkie spojrzenia i przetrwa absolutnie wszystko &#8211; ca\u0142\u0105 noc i ka\u017cde \u015bwiat\u0142o.<\/p><p>Poznaj moj\u0105 histori\u0119!<\/p>\t\t\t\t\t\t\t\t<\/div>\n\t\t\t\t<div class=\"elementor-element elementor-element-42ceb7b elementor-widget-divider--view-line elementor-widget elementor-widget-divider\" data-id=\"42ceb7b\" data-element_type=\"widget\" data-widget_type=\"divider.default\">\n\t\t\t\t\t\t\t<div class=\"elementor-divider\">\n\t\t\t<span class=\"elementor-divider-separator\">\n\t\t\t\t\t\t<\/span>\n\t\t<\/div>\n\t\t\t\t\t\t<\/div>\n\t\t\t\t<\/div>\n\t\t\t\t\t<\/div>\n\t\t\t\t<\/div>\n\t\t<div class=\"elementor-element elementor-element-8e62019 elementor-hidden-desktop elementor-hidden-tablet elementor-hidden-mobile e-flex e-con-boxed e-con e-parent\" data-id=\"8e62019\" data-element_type=\"container\" data-settings=\"{&quot;background_background&quot;:&quot;classic&quot;}\">\n\t\t\t\t\t<div class=\"e-con-inner\">\n\t\t\t\t<div class=\"elementor-element elementor-element-deea883 elementor-widget elementor-widget-gallery\" data-id=\"deea883\" data-element_type=\"widget\" data-settings=\"{&quot;gap_mobile&quot;:{&quot;unit&quot;:&quot;px&quot;,&quot;size&quot;:26,&quot;sizes&quot;:[]},&quot;lazyload&quot;:&quot;yes&quot;,&quot;gallery_layout&quot;:&quot;grid&quot;,&quot;columns&quot;:4,&quot;columns_tablet&quot;:2,&quot;columns_mobile&quot;:1,&quot;gap&quot;:{&quot;unit&quot;:&quot;px&quot;,&quot;size&quot;:10,&quot;sizes&quot;:[]},&quot;gap_tablet&quot;:{&quot;unit&quot;:&quot;px&quot;,&quot;size&quot;:10,&quot;sizes&quot;:[]},&quot;link_to&quot;:&quot;file&quot;,&quot;aspect_ratio&quot;:&quot;3:2&quot;,&quot;overlay_background&quot;:&quot;yes&quot;,&quot;content_hover_animation&quot;:&quot;fade-in&quot;}\" data-widget_type=\"gallery.default\">\n\t\t\t\t\t\t\t<div class=\"elementor-gallery__container\">\n\t\t\t\t\t\t\t<a class=\"e-gallery-item elementor-gallery-item elementor-animated-content\" href=\"https:\/\/milenaskowera.pl\/wp-content\/uploads\/2025\/11\/zdjecie-glowna-2.jpg\" data-elementor-open-lightbox=\"yes\" data-elementor-lightbox-slideshow=\"deea883\" data-elementor-lightbox-title=\"zdje\u0328cie g\u0142o\u0301wna\" data-e-action-hash=\"#elementor-action%3Aaction%3Dlightbox%26settings%3DeyJpZCI6MTAzLCJ1cmwiOiJodHRwczpcL1wvbWlsZW5hc2tvd2VyYS5wbFwvd3AtY29udGVudFwvdXBsb2Fkc1wvMjAyNVwvMTFcL3pkamVjaWUtZ2xvd25hLTIuanBnIiwic2xpZGVzaG93IjoiZGVlYTg4MyJ9\">\n\t\t\t\t\t<div class=\"e-gallery-image elementor-gallery-item__image\" data-thumbnail=\"https:\/\/milenaskowera.pl\/wp-content\/uploads\/2025\/11\/zdjecie-glowna-2.jpg\" data-width=\"1441\" data-height=\"906\" aria-label=\"\" role=\"img\" ><\/div>\n\t\t\t\t\t\t\t\t\t\t\t<div class=\"elementor-gallery-item__overlay\"><\/div>\n\t\t\t\t\t\t\t\t\t\t\t\t\t\t<\/a>\n\t\t\t\t\t\t\t<a class=\"e-gallery-item elementor-gallery-item elementor-animated-content\" href=\"https:\/\/milenaskowera.pl\/wp-content\/uploads\/2025\/11\/zdjecie-glowna-1.jpg\" data-elementor-open-lightbox=\"yes\" data-elementor-lightbox-slideshow=\"deea883\" data-elementor-lightbox-title=\"zdje\u0328cie g\u0142o\u0301wna\" data-e-action-hash=\"#elementor-action%3Aaction%3Dlightbox%26settings%3DeyJpZCI6NjAsInVybCI6Imh0dHBzOlwvXC9taWxlbmFza293ZXJhLnBsXC93cC1jb250ZW50XC91cGxvYWRzXC8yMDI1XC8xMVwvemRqZWNpZS1nbG93bmEtMS5qcGciLCJzbGlkZXNob3ciOiJkZWVhODgzIn0%3D\">\n\t\t\t\t\t<div class=\"e-gallery-image elementor-gallery-item__image\" data-thumbnail=\"https:\/\/milenaskowera.pl\/wp-content\/uploads\/2025\/11\/zdjecie-glowna-1.jpg\" data-width=\"1441\" data-height=\"906\" aria-label=\"\" role=\"img\" ><\/div>\n\t\t\t\t\t\t\t\t\t\t\t<div class=\"elementor-gallery-item__overlay\"><\/div>\n\t\t\t\t\t\t\t\t\t\t\t\t\t\t<\/a>\n\t\t\t\t\t\t\t<a class=\"e-gallery-item elementor-gallery-item elementor-animated-content\" href=\"https:\/\/milenaskowera.pl\/wp-content\/uploads\/2025\/11\/zdjecie-glowna.jpg\" data-elementor-open-lightbox=\"yes\" data-elementor-lightbox-slideshow=\"deea883\" data-elementor-lightbox-title=\"zdje\u0328cie g\u0142o\u0301wna\" data-e-action-hash=\"#elementor-action%3Aaction%3Dlightbox%26settings%3DeyJpZCI6MjEsInVybCI6Imh0dHBzOlwvXC9taWxlbmFza293ZXJhLnBsXC93cC1jb250ZW50XC91cGxvYWRzXC8yMDI1XC8xMVwvemRqZWNpZS1nbG93bmEuanBnIiwic2xpZGVzaG93IjoiZGVlYTg4MyJ9\">\n\t\t\t\t\t<div class=\"e-gallery-image elementor-gallery-item__image\" data-thumbnail=\"https:\/\/milenaskowera.pl\/wp-content\/uploads\/2025\/11\/zdjecie-glowna.jpg\" data-width=\"1441\" data-height=\"906\" aria-label=\"\" role=\"img\" ><\/div>\n\t\t\t\t\t\t\t\t\t\t\t<div class=\"elementor-gallery-item__overlay\"><\/div>\n\t\t\t\t\t\t\t\t\t\t\t\t\t\t<\/a>\n\t\t\t\t\t<\/div>\n\t\t\t\t\t<\/div>\n\t\t\t\t\t<\/div>\n\t\t\t\t<\/div>\n\t\t<div class=\"elementor-element elementor-element-28ed6a2 elementor-hidden-mobile elementor-hidden-desktop elementor-hidden-tablet e-flex e-con-boxed e-con e-parent\" data-id=\"28ed6a2\" data-element_type=\"container\" id=\"uslugi\" data-settings=\"{&quot;background_background&quot;:&quot;classic&quot;}\">\n\t\t\t\t\t<div class=\"e-con-inner\">\n\t\t\t\t<div class=\"elementor-element elementor-element-54f0fbb gallery-spacing-custom elementor-widget elementor-widget-image-gallery\" data-id=\"54f0fbb\" data-element_type=\"widget\" data-widget_type=\"image-gallery.default\">\n\t\t\t\t\t\t\t<div class=\"elementor-image-gallery\">\n\t\t\t<div id='gallery-1' class='gallery galleryid-2 gallery-columns-3 gallery-size-full'><figure class='gallery-item'>\n\t\t\t<div class='gallery-icon landscape'>\n\t\t\t\t<a data-elementor-open-lightbox=\"no\" href='https:\/\/milenaskowera.pl\/wp-content\/uploads\/2025\/11\/zdjecie-glowna-2.jpg'><img decoding=\"async\" width=\"1441\" height=\"906\" src=\"https:\/\/milenaskowera.pl\/wp-content\/uploads\/2025\/11\/zdjecie-glowna-2.jpg\" class=\"attachment-full size-full\" alt=\"\" srcset=\"https:\/\/milenaskowera.pl\/wp-content\/uploads\/2025\/11\/zdjecie-glowna-2.jpg 1441w, https:\/\/milenaskowera.pl\/wp-content\/uploads\/2025\/11\/zdjecie-glowna-2-300x189.jpg 300w, https:\/\/milenaskowera.pl\/wp-content\/uploads\/2025\/11\/zdjecie-glowna-2-1024x644.jpg 1024w, https:\/\/milenaskowera.pl\/wp-content\/uploads\/2025\/11\/zdjecie-glowna-2-768x483.jpg 768w\" sizes=\"(max-width: 1441px) 100vw, 1441px\" \/><\/a>\n\t\t\t<\/div><\/figure><figure class='gallery-item'>\n\t\t\t<div class='gallery-icon landscape'>\n\t\t\t\t<a data-elementor-open-lightbox=\"no\" href='https:\/\/milenaskowera.pl\/wp-content\/uploads\/2025\/11\/zdjecie-glowna-1.jpg'><img decoding=\"async\" width=\"1441\" height=\"906\" src=\"https:\/\/milenaskowera.pl\/wp-content\/uploads\/2025\/11\/zdjecie-glowna-1.jpg\" class=\"attachment-full size-full\" alt=\"\" srcset=\"https:\/\/milenaskowera.pl\/wp-content\/uploads\/2025\/11\/zdjecie-glowna-1.jpg 1441w, https:\/\/milenaskowera.pl\/wp-content\/uploads\/2025\/11\/zdjecie-glowna-1-300x189.jpg 300w, https:\/\/milenaskowera.pl\/wp-content\/uploads\/2025\/11\/zdjecie-glowna-1-1024x644.jpg 1024w, https:\/\/milenaskowera.pl\/wp-content\/uploads\/2025\/11\/zdjecie-glowna-1-768x483.jpg 768w\" sizes=\"(max-width: 1441px) 100vw, 1441px\" \/><\/a>\n\t\t\t<\/div><\/figure><figure class='gallery-item'>\n\t\t\t<div class='gallery-icon landscape'>\n\t\t\t\t<a data-elementor-open-lightbox=\"no\" href='https:\/\/milenaskowera.pl\/wp-content\/uploads\/2025\/11\/zdjecie-glowna.jpg'><img loading=\"lazy\" decoding=\"async\" width=\"1441\" height=\"906\" src=\"https:\/\/milenaskowera.pl\/wp-content\/uploads\/2025\/11\/zdjecie-glowna.jpg\" class=\"attachment-full size-full\" alt=\"\" srcset=\"https:\/\/milenaskowera.pl\/wp-content\/uploads\/2025\/11\/zdjecie-glowna.jpg 1441w, https:\/\/milenaskowera.pl\/wp-content\/uploads\/2025\/11\/zdjecie-glowna-300x189.jpg 300w, https:\/\/milenaskowera.pl\/wp-content\/uploads\/2025\/11\/zdjecie-glowna-1024x644.jpg 1024w, https:\/\/milenaskowera.pl\/wp-content\/uploads\/2025\/11\/zdjecie-glowna-768x483.jpg 768w\" sizes=\"(max-width: 1441px) 100vw, 1441px\" \/><\/a>\n\t\t\t<\/div><\/figure>\n\t\t<\/div>\n\t\t<\/div>\n\t\t\t\t\t\t<\/div>\n\t\t\t\t<div class=\"elementor-element elementor-element-40bfda0 elementor-align-center elementor-widget elementor-widget-button\" data-id=\"40bfda0\" data-element_type=\"widget\" data-widget_type=\"button.default\">\n\t\t\t\t\t\t\t\t\t\t<a class=\"elementor-button elementor-button-link elementor-size-sm\" href=\"#\">\n\t\t\t\t\t\t<span class=\"elementor-button-content-wrapper\">\n\t\t\t\t\t\t\t\t\t<span class=\"elementor-button-text\">Zobacz wi\u0119cej<\/span>\n\t\t\t\t\t<\/span>\n\t\t\t\t\t<\/a>\n\t\t\t\t\t\t\t\t<\/div>\n\t\t\t\t\t<\/div>\n\t\t\t\t<\/div>\n\t\t<div class=\"elementor-element elementor-element-7bc5f66 elementor-hidden-desktop elementor-hidden-tablet elementor-hidden-mobile e-flex e-con-boxed e-con e-parent\" data-id=\"7bc5f66\" data-element_type=\"container\" id=\"cennik\" data-settings=\"{&quot;background_background&quot;:&quot;classic&quot;}\">\n\t\t\t\t\t<div class=\"e-con-inner\">\n\t\t<div class=\"elementor-element elementor-element-52d24c6 e-con-full e-flex e-con e-child\" data-id=\"52d24c6\" data-element_type=\"container\">\n\t\t\t\t<div class=\"elementor-element elementor-element-7a375fa elementor-widget elementor-widget-text-editor\" data-id=\"7a375fa\" data-element_type=\"widget\" data-widget_type=\"text-editor.default\">\n\t\t\t\t\t\t\t\t\t<p>&#8222;Makija\u017c to dla mnie dialog. Ty m\u00f3wisz mi,<\/p><p>\u00a0 \u00a0 \u00a0 \u00a0 \u00a0 \u00a0 \u00a0 \u00a0 \u00a0 \u00a0kim chcesz by\u0107, a ja pomagam Ci to wyrazi\u0107&#8221;<\/p>\t\t\t\t\t\t\t\t<\/div>\n\t\t\t\t<div class=\"elementor-element elementor-element-430bfbc elementor-hidden-mobile elementor-widget-divider--view-line elementor-widget elementor-widget-divider\" data-id=\"430bfbc\" data-element_type=\"widget\" data-widget_type=\"divider.default\">\n\t\t\t\t\t\t\t<div class=\"elementor-divider\">\n\t\t\t<span class=\"elementor-divider-separator\">\n\t\t\t\t\t\t<\/span>\n\t\t<\/div>\n\t\t\t\t\t\t<\/div>\n\t\t\t\t<div class=\"elementor-element elementor-element-f881551 elementor-widget elementor-widget-text-editor\" data-id=\"f881551\" data-element_type=\"widget\" data-widget_type=\"text-editor.default\">\n\t\t\t\t\t\t\t\t\t<p>MILANA SKOWERA<\/p>\t\t\t\t\t\t\t\t<\/div>\n\t\t\t\t<\/div>\n\t\t\t\t\t<\/div>\n\t\t\t\t<\/div>\n\t\t<div class=\"elementor-element elementor-element-fb859a2 elementor-hidden-desktop elementor-hidden-tablet elementor-hidden-mobile e-flex e-con-boxed e-con e-parent\" data-id=\"fb859a2\" data-element_type=\"container\" id=\"portfolio\" data-settings=\"{&quot;background_background&quot;:&quot;classic&quot;}\">\n\t\t\t\t\t<div class=\"e-con-inner\">\n\t\t\t\t\t<\/div>\n\t\t\t\t<\/div>\n\t\t<div class=\"elementor-element elementor-element-45162c3 elementor-hidden-desktop elementor-hidden-tablet elementor-hidden-mobile e-flex e-con-boxed e-con e-parent\" data-id=\"45162c3\" data-element_type=\"container\" id=\"kontakt\" data-settings=\"{&quot;background_background&quot;:&quot;classic&quot;}\">\n\t\t\t\t\t<div class=\"e-con-inner\">\n\t\t<div class=\"elementor-element elementor-element-9f4e991 e-con-full e-flex e-con e-child\" data-id=\"9f4e991\" data-element_type=\"container\">\n\t\t\t\t<div class=\"elementor-element elementor-element-04f4594 elementor-widget elementor-widget-text-editor\" data-id=\"04f4594\" data-element_type=\"widget\" data-widget_type=\"text-editor.default\">\n\t\t\t\t\t\t\t\t\t<p><strong>Kluczem do idealnego makija\u017cu jest dopasowanie go do Twojej urody, wizji i okazji.<\/strong><\/p><p>Oferuje kompletny zakres us\u0142ug, kt\u00f3re s\u0105 precyzyjn\u0105 odpowiedzi\u0105 na Twoje potrzeby.<\/p>\t\t\t\t\t\t\t\t<\/div>\n\t\t\t\t<\/div>\n\t\t<div class=\"elementor-element elementor-element-c54ceef e-con-full e-grid e-con e-child\" data-id=\"c54ceef\" data-element_type=\"container\">\n\t\t<div class=\"elementor-element elementor-element-8f20f38 e-con-full e-flex e-con e-child\" data-id=\"8f20f38\" data-element_type=\"container\">\n\t\t\t\t<div class=\"elementor-element elementor-element-9c2cbac elementor-widget elementor-widget-heading\" data-id=\"9c2cbac\" data-element_type=\"widget\" data-widget_type=\"heading.default\">\n\t\t\t\t\t<h2 class=\"elementor-heading-title elementor-size-default\">MAKIJA\u017b \u015a\u0141UBNY<\/h2>\t\t\t\t<\/div>\n\t\t\t\t<div class=\"elementor-element elementor-element-3fadb0e elementor-widget elementor-widget-text-editor\" data-id=\"3fadb0e\" data-element_type=\"widget\" data-widget_type=\"text-editor.default\">\n\t\t\t\t\t\t\t\t\t<p>Lorem ipsum dolor sit amet, consectetur adipiscing elit. Ut elit tellus, luctus nec ullamcorper mattis, pulvinar dapibus leo.<\/p>\t\t\t\t\t\t\t\t<\/div>\n\t\t\t\t<\/div>\n\t\t<div class=\"elementor-element elementor-element-bc6389d e-con-full e-flex e-con e-child\" data-id=\"bc6389d\" data-element_type=\"container\">\n\t\t\t\t<div class=\"elementor-element elementor-element-6a28d52 elementor-widget elementor-widget-heading\" data-id=\"6a28d52\" data-element_type=\"widget\" data-widget_type=\"heading.default\">\n\t\t\t\t\t<h2 class=\"elementor-heading-title elementor-size-default\">MAKIJA\u017b OKOLICZNO\u015aCIOWY<\/h2>\t\t\t\t<\/div>\n\t\t\t\t<div class=\"elementor-element elementor-element-e3f2026 elementor-widget elementor-widget-text-editor\" data-id=\"e3f2026\" data-element_type=\"widget\" data-widget_type=\"text-editor.default\">\n\t\t\t\t\t\t\t\t\t<p>Lorem ipsum dolor sit amet, consectetur adipiscing elit. Ut elit tellus, luctus nec ullamcorper mattis, pulvinar dapibus leo.<\/p>\t\t\t\t\t\t\t\t<\/div>\n\t\t\t\t<\/div>\n\t\t<div class=\"elementor-element elementor-element-c4ad465 e-con-full e-flex e-con e-child\" data-id=\"c4ad465\" data-element_type=\"container\">\n\t\t\t\t<div class=\"elementor-element elementor-element-4391231 elementor-widget elementor-widget-heading\" data-id=\"4391231\" data-element_type=\"widget\" data-widget_type=\"heading.default\">\n\t\t\t\t\t<h2 class=\"elementor-heading-title elementor-size-default\">SESJE ZDJ\u0118CIOWE<\/h2>\t\t\t\t<\/div>\n\t\t\t\t<div class=\"elementor-element elementor-element-605fc3c elementor-widget elementor-widget-text-editor\" data-id=\"605fc3c\" data-element_type=\"widget\" data-widget_type=\"text-editor.default\">\n\t\t\t\t\t\t\t\t\t<p>Lorem ipsum dolor sit amet, consectetur adipiscing elit. Ut elit tellus, luctus nec ullamcorper mattis, pulvinar dapibus leo.<\/p>\t\t\t\t\t\t\t\t<\/div>\n\t\t\t\t<\/div>\n\t\t<div class=\"elementor-element elementor-element-2232c07 e-con-full e-flex e-con e-child\" data-id=\"2232c07\" data-element_type=\"container\" data-settings=\"{&quot;background_background&quot;:&quot;classic&quot;}\">\n\t\t\t\t<div class=\"elementor-element elementor-element-12eeed4 elementor-widget elementor-widget-heading\" data-id=\"12eeed4\" data-element_type=\"widget\" data-widget_type=\"heading.default\">\n\t\t\t\t\t<h2 class=\"elementor-heading-title elementor-size-default\">800 z\u0142<\/h2>\t\t\t\t<\/div>\n\t\t\t\t<div class=\"elementor-element elementor-element-0159412 elementor-widget elementor-widget-text-editor\" data-id=\"0159412\" data-element_type=\"widget\" data-widget_type=\"text-editor.default\">\n\t\t\t\t\t\t\t\t\t<p>Szacowany czas: <strong>90-120 minut<\/strong><\/p><p>Zaawansowana piel\u0119gnacja i przygotowanie cery\u00a0<\/p><p>Makija\u017c luksusowymi kosmetykami (wodoodporny)<\/p><p>Aplikacja k\u0119pek rz\u0119s lub pask\u00f3w<\/p><p>Roz\u015bwietlenie dekoltu i ramion<\/p><p>Mini zestaw poprawek (szminka, bibu\u0142ki)<\/p>\t\t\t\t\t\t\t\t<\/div>\n\t\t\t\t<\/div>\n\t\t<div class=\"elementor-element elementor-element-21cab77 e-con-full e-flex e-con e-child\" data-id=\"21cab77\" data-element_type=\"container\" data-settings=\"{&quot;background_background&quot;:&quot;classic&quot;}\">\n\t\t\t\t<div class=\"elementor-element elementor-element-a067016 elementor-widget elementor-widget-heading\" data-id=\"a067016\" data-element_type=\"widget\" data-widget_type=\"heading.default\">\n\t\t\t\t\t<h2 class=\"elementor-heading-title elementor-size-default\">500 z\u0142<\/h2>\t\t\t\t<\/div>\n\t\t\t\t<div class=\"elementor-element elementor-element-429bbc6 elementor-widget elementor-widget-text-editor\" data-id=\"429bbc6\" data-element_type=\"widget\" data-widget_type=\"text-editor.default\">\n\t\t\t\t\t\t\t\t\t<p>Szacowany czas: <strong>90-120 minut<\/strong><\/p><p>Zaawansowana piel\u0119gnacja i przygotowanie cery\u00a0<\/p><p>Makija\u017c luksusowymi kosmetykami (wodoodporny)<\/p><p>Aplikacja k\u0119pek rz\u0119s lub pask\u00f3w<\/p><p>Roz\u015bwietlenie dekoltu i ramion<\/p><p>Mini zestaw poprawek (szminka, bibu\u0142ki)<\/p>\t\t\t\t\t\t\t\t<\/div>\n\t\t\t\t<\/div>\n\t\t<div class=\"elementor-element elementor-element-d018cac e-con-full e-flex e-con e-child\" data-id=\"d018cac\" data-element_type=\"container\" data-settings=\"{&quot;background_background&quot;:&quot;classic&quot;}\">\n\t\t\t\t<div class=\"elementor-element elementor-element-61a7f23 elementor-widget elementor-widget-heading\" data-id=\"61a7f23\" data-element_type=\"widget\" data-widget_type=\"heading.default\">\n\t\t\t\t\t<h2 class=\"elementor-heading-title elementor-size-default\">1000 z\u0142<\/h2>\t\t\t\t<\/div>\n\t\t\t\t<div class=\"elementor-element elementor-element-028a01c elementor-widget elementor-widget-text-editor\" data-id=\"028a01c\" data-element_type=\"widget\" data-widget_type=\"text-editor.default\">\n\t\t\t\t\t\t\t\t\t<p>Szacowany czas: <strong>90-120 minut<\/strong><\/p><p>Zaawansowana piel\u0119gnacja i przygotowanie cery\u00a0<\/p><p>Makija\u017c luksusowymi kosmetykami (wodoodporny)<\/p><p>Aplikacja k\u0119pek rz\u0119s lub pask\u00f3w<\/p><p>Roz\u015bwietlenie dekoltu i ramion<\/p><p>Mini zestaw poprawek (szminka, bibu\u0142ki)<\/p>\t\t\t\t\t\t\t\t<\/div>\n\t\t\t\t<\/div>\n\t\t<div class=\"elementor-element elementor-element-52c340c e-con-full e-flex e-con e-child\" data-id=\"52c340c\" data-element_type=\"container\" data-settings=\"{&quot;background_background&quot;:&quot;classic&quot;}\">\n\t\t\t\t<\/div>\n\t\t<div class=\"elementor-element elementor-element-f1d4f09 e-con-full e-flex e-con e-child\" data-id=\"f1d4f09\" data-element_type=\"container\" data-settings=\"{&quot;background_background&quot;:&quot;classic&quot;}\">\n\t\t\t\t<div class=\"elementor-element elementor-element-52623f1 elementor-widget elementor-widget-heading\" data-id=\"52623f1\" data-element_type=\"widget\" data-widget_type=\"heading.default\">\n\t\t\t\t\t<h2 class=\"elementor-heading-title elementor-size-default\">Nie znalaz\u0142a\u015b pakietu? Skontaktuj si\u0119 ze mn\u0105, a z przyjemno\u015bci\u0105 dopasuj\u0119 ofert\u0119 bezpo\u015brednio do Twoich potrzeb i oczekiwa\u0144<\/h2>\t\t\t\t<\/div>\n\t\t\t\t<\/div>\n\t\t<div class=\"elementor-element elementor-element-b509d9c e-con-full e-flex e-con e-child\" data-id=\"b509d9c\" data-element_type=\"container\" data-settings=\"{&quot;background_background&quot;:&quot;classic&quot;}\">\n\t\t\t\t<\/div>\n\t\t\t\t<\/div>\n\t\t\t\t\t<\/div>\n\t\t\t\t<\/div>\n\t\t\t\t<\/div>\n\t\t","protected":false},"excerpt":{"rendered":"<p>Cze\u015b\u0107! Jestem Milena Skowera. To wi\u0119cej ni\u017c praca &#8211; to pasja, kt\u00f3ra p\u0142onie we mnie od ponad 12 lat. Traktuj\u0119 makija\u017c jak czyst\u0105 energi\u0119 i form\u0119 sztuki. Wierz\u0119, \u017ce jego prawdziw\u0105 moc\u0105 jest artystyczne wydobycie i podkre\u015blenie Twojej niepowtarzalnej urody. Moje do\u015bwiadczenie to nie tylko setki zadowolonych klientek. To dynamiczna praca na planach filmowych i [&hellip;]<\/p>\n","protected":false},"author":1,"featured_media":0,"parent":0,"menu_order":0,"comment_status":"closed","ping_status":"open","template":"","meta":{"footnotes":""},"class_list":["post-2","page","type-page","status-publish","hentry"],"_links":{"self":[{"href":"https:\/\/milenaskowera.pl\/index.php?rest_route=\/wp\/v2\/pages\/2","targetHints":{"allow":["GET"]}}],"collection":[{"href":"https:\/\/milenaskowera.pl\/index.php?rest_route=\/wp\/v2\/pages"}],"about":[{"href":"https:\/\/milenaskowera.pl\/index.php?rest_route=\/wp\/v2\/types\/page"}],"author":[{"embeddable":true,"href":"https:\/\/milenaskowera.pl\/index.php?rest_route=\/wp\/v2\/users\/1"}],"replies":[{"embeddable":true,"href":"https:\/\/milenaskowera.pl\/index.php?rest_route=%2Fwp%2Fv2%2Fcomments&post=2"}],"version-history":[{"count":251,"href":"https:\/\/milenaskowera.pl\/index.php?rest_route=\/wp\/v2\/pages\/2\/revisions"}],"predecessor-version":[{"id":377,"href":"https:\/\/milenaskowera.pl\/index.php?rest_route=\/wp\/v2\/pages\/2\/revisions\/377"}],"wp:attachment":[{"href":"https:\/\/milenaskowera.pl\/index.php?rest_route=%2Fwp%2Fv2%2Fmedia&parent=2"}],"curies":[{"name":"wp","href":"https:\/\/api.w.org\/{rel}","templated":true}]}}